{"id":8376,"date":"2019-02-01T09:58:16","date_gmt":"2019-02-01T08:58:16","guid":{"rendered":"https:\/\/cdincbarcelona.com\/?page_id=8376"},"modified":"2022-02-21T16:01:13","modified_gmt":"2022-02-21T15:01:13","slug":"jaime-kulisevsky","status":"publish","type":"page","link":"https:\/\/cdincbarcelona.com\/es\/equipo-profesionales-cdinc\/jaime-kulisevsky\/","title":{"rendered":"Dr. Jaime Kulisevsky"},"content":{"rendered":"[vc_row type=\u00bbfull_width_background\u00bb full_screen_row_position=\u00bbmiddle\u00bb column_margin=\u00bbdefault\u00bb bg_image=\u00bb6675&#8243; bg_position=\u00bbleft top\u00bb bg_repeat=\u00bbno-repeat\u00bb bg_color=\u00bb#333333&#8243; scene_position=\u00bbcenter\u00bb video_bg=\u00bbuse_video\u00bb text_color=\u00bblight\u00bb text_align=\u00bbleft\u00bb top_padding=\u00bb7%\u00bb bottom_padding=\u00bb3%\u00bb color_overlay=\u00bb#0a0a0a\u00bb overlay_strength=\u00bb0.5&#8243; shape_divider_position=\u00bbbottom\u00bb bg_image_animation=\u00bbnone\u00bb parallax_bg=\u00bbtrue\u00bb parallax_bg_speed=\u00bbfast\u00bb video_mute=\u00bbtrue\u00bb shape_type=\u00bb\u00bb][vc_column column_padding=\u00bbno-extra-padding\u00bb column_padding_position=\u00bball\u00bb background_color_opacity=\u00bb1&#8243; background_hover_color_opacity=\u00bb1&#8243; column_link_target=\u00bb_self\u00bb column_shadow=\u00bbnone\u00bb column_border_radius=\u00bbnone\u00bb width=\u00bb1\/1&#8243; tablet_width_inherit=\u00bbdefault\u00bb tablet_text_alignment=\u00bbdefault\u00bb phone_text_alignment=\u00bbdefault\u00bb overlay_strength=\u00bb0.3&#8243; column_border_width=\u00bbnone\u00bb column_border_style=\u00bbsolid\u00bb bg_image_animation=\u00bbnone\u00bb][vc_custom_heading text=\u00bbDr. Jaime Kulisevsky\u00bb font_container=\u00bbtag:h1|text_align:left|color:%23ffffff\u00bb use_theme_fonts=\u00bbyes\u00bb css_animation=\u00bbnone\u00bb link=\u00bb|||\u00bb][vc_custom_heading text=\u00bbEQUIPO CDINC\u00bb font_container=\u00bbtag:h5|text_align:left|color:rgba(255%2C255%2C255%2C0.74)\u00bb use_theme_fonts=\u00bbyes\u00bb css_animation=\u00bbnone\u00bb link=\u00bburl:https%3A%2F%2Fcdincbarcelona.com%2Fes%2Fequipo-profesional%2F|||\u00bb][\/vc_column][\/vc_row][vc_row type=\u00bbfull_width_background\u00bb full_screen_row_position=\u00bbmiddle\u00bb column_margin=\u00bbdefault\u00bb scene_position=\u00bbcenter\u00bb text_color=\u00bbdark\u00bb text_align=\u00bbleft\u00bb top_padding=\u00bb4%\u00bb bottom_padding=\u00bb4%\u00bb overlay_strength=\u00bb0.3&#8243; shape_divider_position=\u00bbbottom\u00bb bg_image_animation=\u00bbnone\u00bb shape_type=\u00bb\u00bb][vc_column column_padding=\u00bbno-extra-padding\u00bb column_padding_position=\u00bball\u00bb background_color_opacity=\u00bb1&#8243; background_hover_color_opacity=\u00bb1&#8243; column_link_target=\u00bb_self\u00bb column_shadow=\u00bbnone\u00bb column_border_radius=\u00bbnone\u00bb width=\u00bb1\/1&#8243; tablet_width_inherit=\u00bbdefault\u00bb tablet_text_alignment=\u00bbdefault\u00bb phone_text_alignment=\u00bbdefault\u00bb overlay_strength=\u00bb0.3&#8243; column_border_width=\u00bbnone\u00bb column_border_style=\u00bbsolid\u00bb bg_image_animation=\u00bbnone\u00bb][vc_column_text]\n<h4><strong>DIRECCI\u00d3N<\/strong><\/h4>\n<h3>Dr. Jaime Kulisevsky<\/h3>\n[\/vc_column_text][divider line_type=\u00bbNo Line\u00bb][vc_row_inner column_margin=\u00bbdefault\u00bb text_align=\u00bbleft\u00bb][vc_column_inner column_padding=\u00bbno-extra-padding\u00bb column_padding_position=\u00bball\u00bb background_color_opacity=\u00bb1&#8243; background_hover_color_opacity=\u00bb1&#8243; column_shadow=\u00bbnone\u00bb column_border_radius=\u00bbnone\u00bb column_link_target=\u00bb_self\u00bb width=\u00bb1\/4&#8243; tablet_width_inherit=\u00bbdefault\u00bb overlay_strength=\u00bb0.3&#8243; column_border_width=\u00bbnone\u00bb column_border_style=\u00bbsolid\u00bb bg_image_animation=\u00bbnone\u00bb][image_with_animation image_url=\u00bb7473&#8243; alignment=\u00bbcenter\u00bb animation=\u00bbNone\u00bb img_link_large=\u00bbyes\u00bb hover_animation=\u00bbnone\u00bb border_radius=\u00bbnone\u00bb box_shadow=\u00bbnone\u00bb image_loading=\u00bbdefault\u00bb max_width=\u00bb100%\u00bb max_width_mobile=\u00bbdefault\u00bb][\/vc_column_inner][vc_column_inner column_padding=\u00bbno-extra-padding\u00bb column_padding_position=\u00bball\u00bb background_color_opacity=\u00bb1&#8243; background_hover_color_opacity=\u00bb1&#8243; column_shadow=\u00bbnone\u00bb column_border_radius=\u00bbnone\u00bb column_link_target=\u00bb_self\u00bb width=\u00bb3\/4&#8243; tablet_width_inherit=\u00bbdefault\u00bb overlay_strength=\u00bb0.3&#8243; column_border_width=\u00bbnone\u00bb column_border_style=\u00bbsolid\u00bb bg_image_animation=\u00bbnone\u00bb][vc_column_text]Jaime Kulisevsky es director de <strong>CDINC. <\/strong>Es <strong>doctor en medicina y cirug\u00eda por la Universidad Aut\u00f3noma de Barcelona <\/strong>y especialista en Neurolog\u00eda. Cuenta con una extensa <strong>experiencia de m\u00e1s de 20 a\u00f1os <\/strong>dedicado al tratamiento de las enfermedades neurodegenerativas, haciendo especial \u00e9nfasis a la enfermedad de Parkinson y otros trastornos del movimiento, \u00e1rea en la que es reconocido internacionalmente.<\/p>\n<p>El Dr. Kulisevsky es un neur\u00f3logo de <strong>reconocido prestigio a nivel mundial <\/strong>que ha hecho grandes aportaciones al estudio y tratamiento de enfermedades como el Parkinson, siendo <strong>pionero en Espa\u00f1a de la terapia basada en Estimulaci\u00f3n Cerebral Profunda<\/strong>.<\/p>\n<p>Actualmente es <strong>vice decano de la facultad de Medicina <\/strong>y <strong>profesor de neurolog\u00eda en la Universidad At\u00f3noma de Barcelona<\/strong>, profesor de investigaci\u00f3n en la Universitat Oberta de Catalunya, <strong>director de la Unidad de Trastornos del movimiento del Hospital de la Santa Creu i Sant Pau, director del grupo de investigaci\u00f3n en enfermedad de Parkinson y otros trastornos del movimiento del <a href=\"http:\/\/www.recercasantpau.cat\/es\/grupo\/enfermedad-del-parkinson-y-trastornos-del-movimiento\/\" target=\"_blank\" rel=\"noopener noreferrer\">Instituto de Investigaci\u00f3n Biom\u00e9dica Sant Pau<\/a><\/strong>\u00a0y <strong>director del Instituto de Investigaci\u00f3 de este hospital<\/strong><strong>. <\/strong>Adem\u00e1s, es Jefe del Servicio de Neurolog\u00eda del <strong>Hospital Unviersitario Dexeus<\/strong>.[\/vc_column_text][\/vc_column_inner][\/vc_row_inner][vc_column_text]Su actividad cl\u00ednica e investigadora se orienta eminentemente a la enfermedad de Parkinson y otros trastornos del movimiento. En este sentido, su trayectoria cient\u00edfica se ha centrado en el estudio de los trastornos cognitivos y conductuales relacionados con las enfermedades de los ganglios basales (enfermedad de Parkinson, enfermedad de Huntington, S\u00edndrome de Guilles de la Tourette, PSP,\u2026) y el impacto del tratamiento farmacol\u00f3gico. A resultas de este trabajo, <a href=\"https:\/\/www.researchgate.net\/profile\/Jaime_Kulisevsky\" target=\"_blank\" rel=\"noopener noreferrer\"><strong>ha publicado m\u00e1s de 200 art\u00edculos cient\u00edficos en revistas especializadas junto a numerosos cap\u00edtulos de libro y gu\u00edas cl\u00ednicas<\/strong><\/a>.<\/p>\n<p>A nivel docente, ha publicado numerosas gu\u00edas cl\u00ednicas y es organizador de cursos, jornadas y programas de rotaci\u00f3n orientados a la <strong>formaci\u00f3n de personal m\u00e9dico a nivel nacional e internacional. <\/strong><\/p>\n<p>Ha sido miembro de la comisi\u00f3n experta para el desarrollo de instrumentos de valoraci\u00f3n cognitiva en la enfermedad de Parkinson y para la definici\u00f3n de los criterios diagn\u00f3sticos de deterioro cognitivo leve en esta enfermedad por parte de la <strong>Sociedad Internacional de Trastornos del Movimiento<\/strong>.<\/p>\n<p>Actualmente es <strong>coordinador en Espa\u00f1a de la Red Europea de Estudio de la Enfermedad de Huntington<\/strong> y del estudio Enroll-HD, forma parte de las <strong>comisiones de evaluaci\u00f3n de proyectos de investigaci\u00f3n del Instituto de Salud Carlos III<\/strong>, del Ministerio de Salud del Gobierno de Andaluc\u00eda i de la Agencia de Gesti\u00f3n Universitaria de Investigaci\u00f3n (AGAUR). Tambi\u00e9n es revisor de la Fundaci\u00f3n para la Investigaci\u00f3n Flanders (FWO).<\/p>\n<p>Ha sido premiado con el <strong>premio a la investigaci\u00f3n de la Sociedad Espa\u00f1ola de Neurolog\u00eda<\/strong>, ha sido investigador principal en un gran n\u00famero de proyectos e investigaci\u00f3n financiados por agentes p\u00fablicos como la <strong>Marat\u00f3 de TV3<\/strong> o el <strong>Instituto de Salud Carlos III<\/strong> y entidades privades. Tambi\u00e9n es investigador principal del Centro de Investigaci\u00f3n en Red para Enfermedades Neurodegenerativas (CIBERNED) del Instituto de Salud Carlos III.<\/p>\n<p>&nbsp;<\/p>\n<p>Incluso cuenta con el certificado de excelencia concedido por la plataforma <a href=\"https:\/\/www.topdoctors.es\/doctor\/jaume-kulisevsky-bojarski\">TopDoctors<\/a>, gracias a las buenas opiniones de sus pacientes. Para leerlas, haz click en la imagen.[\/vc_column_text][divider line_type=\u00bbNo Line\u00bb custom_height=\u00bb10&#8243;][image_with_animation image_url=\u00bb10108&#8243; alignment=\u00bbcenter\u00bb animation=\u00bbFade In\u00bb img_link_target=\u00bb_blank\u00bb hover_animation=\u00bbnone\u00bb border_radius=\u00bbnone\u00bb box_shadow=\u00bbnone\u00bb image_loading=\u00bbdefault\u00bb max_width=\u00bb50%\u00bb max_width_mobile=\u00bbdefault\u00bb img_link=\u00bbhttps:\/\/www.topdoctors.es\/doctor\/jaume-kulisevsky-bojarski\u00bb][\/vc_column][\/vc_row][vc_row type=\u00bbfull_width_background\u00bb full_screen_row_position=\u00bbmiddle\u00bb equal_height=\u00bbyes\u00bb content_placement=\u00bbmiddle\u00bb column_margin=\u00bbdefault\u00bb bg_image=\u00bb6711&#8243; bg_position=\u00bbcenter center\u00bb bg_repeat=\u00bbno-repeat\u00bb scene_position=\u00bbcenter\u00bb text_color=\u00bblight\u00bb text_align=\u00bbleft\u00bb top_padding=\u00bb4%\u00bb bottom_padding=\u00bb4%\u00bb color_overlay=\u00bbrgba(10,6,6,0.84)\u00bb overlay_strength=\u00bb0.5&#8243; shape_divider_position=\u00bbbottom\u00bb bg_image_animation=\u00bbnone\u00bb shape_type=\u00bb\u00bb][vc_column column_padding=\u00bbno-extra-padding\u00bb column_padding_position=\u00bball\u00bb background_color_opacity=\u00bb1&#8243; background_hover_color_opacity=\u00bb1&#8243; column_link_target=\u00bb_self\u00bb column_shadow=\u00bbnone\u00bb column_border_radius=\u00bbnone\u00bb width=\u00bb1\/1&#8243; tablet_width_inherit=\u00bbdefault\u00bb tablet_text_alignment=\u00bbdefault\u00bb phone_text_alignment=\u00bbdefault\u00bb overlay_strength=\u00bb0.3&#8243; column_border_width=\u00bbnone\u00bb column_border_style=\u00bbsolid\u00bb bg_image_animation=\u00bbnone\u00bb][vc_row_inner column_margin=\u00bbdefault\u00bb text_align=\u00bbleft\u00bb][vc_column_inner column_padding=\u00bbno-extra-padding\u00bb column_padding_position=\u00bball\u00bb background_color_opacity=\u00bb1&#8243; background_hover_color_opacity=\u00bb1&#8243; column_shadow=\u00bbnone\u00bb column_border_radius=\u00bbnone\u00bb column_link_target=\u00bb_self\u00bb width=\u00bb1\/6&#8243; tablet_width_inherit=\u00bbdefault\u00bb overlay_strength=\u00bb0.3&#8243; column_border_width=\u00bbnone\u00bb column_border_style=\u00bbsolid\u00bb bg_image_animation=\u00bbnone\u00bb][\/vc_column_inner][vc_column_inner column_padding=\u00bbpadding-2-percent\u00bb column_padding_position=\u00bbleft-right\u00bb centered_text=\u00bbtrue\u00bb background_color_opacity=\u00bb1&#8243; background_hover_color_opacity=\u00bb1&#8243; column_shadow=\u00bbnone\u00bb column_border_radius=\u00bbnone\u00bb column_link_target=\u00bb_self\u00bb width=\u00bb2\/3&#8243; tablet_width_inherit=\u00bbdefault\u00bb overlay_strength=\u00bb0.3&#8243; column_border_width=\u00bbnone\u00bb column_border_style=\u00bbsolid\u00bb bg_image_animation=\u00bbnone\u00bb][vc_custom_heading text=\u00bbSOLICITE INFORMACI\u00d3N \/ VISITA\u00bb font_container=\u00bbtag:h3|font_size:42|text_align:center|line_height:42px\u00bb use_theme_fonts=\u00bbyes\u00bb css_animation=\u00bbnone\u00bb][divider line_type=\u00bbNo Line\u00bb custom_height=\u00bb5&#8243;][nectar_btn size=\u00bblarge\u00bb button_style=\u00bbregular\u00bb button_color_2=\u00bbAccent-Color\u00bb icon_family=\u00bbdefault_arrow\u00bb url=\u00bb\/es\/solicitar-informacion-visita\/\u00bb text=\u00bbSolicitar\u00bb css_animation=\u00bbnone\u00bb margin_top=\u00bb10&#8243;][\/vc_column_inner][vc_column_inner column_padding=\u00bbno-extra-padding\u00bb column_padding_position=\u00bball\u00bb background_color_opacity=\u00bb1&#8243; background_hover_color_opacity=\u00bb1&#8243; column_shadow=\u00bbnone\u00bb column_border_radius=\u00bbnone\u00bb column_link_target=\u00bb_self\u00bb width=\u00bb1\/6&#8243; tablet_width_inherit=\u00bbdefault\u00bb overlay_strength=\u00bb0.3&#8243; column_border_width=\u00bbnone\u00bb column_border_style=\u00bbsolid\u00bb bg_image_animation=\u00bbnone\u00bb][\/vc_column_inner][\/vc_row_inner][\/vc_column][\/vc_row]\n","protected":false},"excerpt":{"rendered":"<p>[vc_row type=\u00bbfull_width_background\u00bb full_screen_row_position=\u00bbmiddle\u00bb column_margin=\u00bbdefault\u00bb bg_image=\u00bb6675&#8243; bg_position=\u00bbleft top\u00bb bg_repeat=\u00bbno-repeat\u00bb bg_color=\u00bb#333333&#8243; scene_position=\u00bbcenter\u00bb video_bg=\u00bbuse_video\u00bb text_color=\u00bblight\u00bb text_align=\u00bbleft\u00bb top_padding=\u00bb7%\u00bb bottom_padding=\u00bb3%\u00bb color_overlay=\u00bb#0a0a0a\u00bb overlay_strength=\u00bb0.5&#8243; shape_divider_position=\u00bbbottom\u00bb bg_image_animation=\u00bbnone\u00bb parallax_bg=\u00bbtrue\u00bb parallax_bg_speed=\u00bbfast\u00bb video_mute=\u00bbtrue\u00bb shape_type=\u00bb\u00bb][vc_column column_padding=\u00bbno-extra-padding\u00bb column_padding_position=\u00bball\u00bb&#8230;<\/p>\n","protected":false},"author":1,"featured_media":0,"parent":6760,"menu_order":0,"comment_status":"closed","ping_status":"closed","template":"","meta":{"footnotes":""},"class_list":["post-8376","page","type-page","status-publish"],"yoast_head":"<!-- This site is optimized with the Yoast SEO plugin v27.4 - https:\/\/yoast.com\/product\/yoast-seo-wordpress\/ -->\n<title>Dr. Jaime Kulisevsky | Director | CDINC Barcelona<\/title>\n<meta name=\"description\" content=\"Jaime Kulisevsky es director de CDINC. Es doctor en medicina y cirug\u00eda por la Universidad Aut\u00f3noma de Barcelona y especialista en Neurolog\u00eda.\" \/>\n<meta name=\"robots\" content=\"index, follow, max-snippet:-1, max-image-preview:large, max-video-preview:-1\" \/>\n<link rel=\"canonical\" href=\"https:\/\/cdincbarcelona.com\/es\/equipo-profesionales-cdinc\/jaime-kulisevsky\/\" \/>\n<meta property=\"og:locale\" content=\"es_ES\" \/>\n<meta property=\"og:type\" content=\"article\" \/>\n<meta property=\"og:title\" content=\"Dr. Jaime Kulisevsky | Director | CDINC Barcelona\" \/>\n<meta property=\"og:description\" content=\"Jaime Kulisevsky es director de CDINC. Es doctor en medicina y cirug\u00eda por la Universidad Aut\u00f3noma de Barcelona y especialista en Neurolog\u00eda.\" \/>\n<meta property=\"og:url\" content=\"https:\/\/cdincbarcelona.com\/es\/equipo-profesionales-cdinc\/jaime-kulisevsky\/\" \/>\n<meta property=\"og:site_name\" content=\"CDINC\" \/>\n<meta property=\"article:modified_time\" content=\"2022-02-21T15:01:13+00:00\" \/>\n<meta name=\"twitter:card\" content=\"summary_large_image\" \/>\n<meta name=\"twitter:label1\" content=\"Tiempo de lectura\" \/>\n\t<meta name=\"twitter:data1\" content=\"5 minutos\" \/>\n<script type=\"application\/ld+json\" class=\"yoast-schema-graph\">{\"@context\":\"https:\\\/\\\/schema.org\",\"@graph\":[{\"@type\":\"WebPage\",\"@id\":\"https:\\\/\\\/cdincbarcelona.com\\\/es\\\/equipo-profesionales-cdinc\\\/jaime-kulisevsky\\\/\",\"url\":\"https:\\\/\\\/cdincbarcelona.com\\\/es\\\/equipo-profesionales-cdinc\\\/jaime-kulisevsky\\\/\",\"name\":\"Dr. Jaime Kulisevsky | Director | CDINC Barcelona\",\"isPartOf\":{\"@id\":\"https:\\\/\\\/cdincbarcelona.com\\\/#website\"},\"datePublished\":\"2019-02-01T08:58:16+00:00\",\"dateModified\":\"2022-02-21T15:01:13+00:00\",\"description\":\"Jaime Kulisevsky es director de CDINC. Es doctor en medicina y cirug\u00eda por la Universidad Aut\u00f3noma de Barcelona y especialista en Neurolog\u00eda.\",\"breadcrumb\":{\"@id\":\"https:\\\/\\\/cdincbarcelona.com\\\/es\\\/equipo-profesionales-cdinc\\\/jaime-kulisevsky\\\/#breadcrumb\"},\"inLanguage\":\"es\",\"potentialAction\":[{\"@type\":\"ReadAction\",\"target\":[\"https:\\\/\\\/cdincbarcelona.com\\\/es\\\/equipo-profesionales-cdinc\\\/jaime-kulisevsky\\\/\"]}]},{\"@type\":\"BreadcrumbList\",\"@id\":\"https:\\\/\\\/cdincbarcelona.com\\\/es\\\/equipo-profesionales-cdinc\\\/jaime-kulisevsky\\\/#breadcrumb\",\"itemListElement\":[{\"@type\":\"ListItem\",\"position\":1,\"name\":\"Portada\",\"item\":\"https:\\\/\\\/cdincbarcelona.com\\\/es\\\/\"},{\"@type\":\"ListItem\",\"position\":2,\"name\":\"Equipo\",\"item\":\"https:\\\/\\\/cdincbarcelona.com\\\/es\\\/equipo-profesionales-cdinc\\\/\"},{\"@type\":\"ListItem\",\"position\":3,\"name\":\"Dr. Jaime Kulisevsky\"}]},{\"@type\":\"WebSite\",\"@id\":\"https:\\\/\\\/cdincbarcelona.com\\\/#website\",\"url\":\"https:\\\/\\\/cdincbarcelona.com\\\/\",\"name\":\"CDINC\",\"description\":\"Centre de diagn\u00f2stic i intervenci\u00f3 neurocognitiva Barcelona\",\"publisher\":{\"@id\":\"https:\\\/\\\/cdincbarcelona.com\\\/#organization\"},\"potentialAction\":[{\"@type\":\"SearchAction\",\"target\":{\"@type\":\"EntryPoint\",\"urlTemplate\":\"https:\\\/\\\/cdincbarcelona.com\\\/?s={search_term_string}\"},\"query-input\":{\"@type\":\"PropertyValueSpecification\",\"valueRequired\":true,\"valueName\":\"search_term_string\"}}],\"inLanguage\":\"es\"},{\"@type\":\"Organization\",\"@id\":\"https:\\\/\\\/cdincbarcelona.com\\\/#organization\",\"name\":\"CDINC Centre de Diagn\u00f2stic i Intervenci\u00f3 Neurocognitiva\",\"url\":\"https:\\\/\\\/cdincbarcelona.com\\\/\",\"logo\":{\"@type\":\"ImageObject\",\"inLanguage\":\"es\",\"@id\":\"https:\\\/\\\/cdincbarcelona.com\\\/#\\\/schema\\\/logo\\\/image\\\/\",\"url\":\"https:\\\/\\\/cdincbarcelona.com\\\/wp-content\\\/uploads\\\/2017\\\/10\\\/cdinc-logo@2x.png\",\"contentUrl\":\"https:\\\/\\\/cdincbarcelona.com\\\/wp-content\\\/uploads\\\/2017\\\/10\\\/cdinc-logo@2x.png\",\"width\":825,\"height\":200,\"caption\":\"CDINC Centre de Diagn\u00f2stic i Intervenci\u00f3 Neurocognitiva\"},\"image\":{\"@id\":\"https:\\\/\\\/cdincbarcelona.com\\\/#\\\/schema\\\/logo\\\/image\\\/\"}}]}<\/script>\n<!-- \/ Yoast SEO plugin. -->","yoast_head_json":{"title":"Dr. Jaime Kulisevsky | Director | CDINC Barcelona","description":"Jaime Kulisevsky es director de CDINC. Es doctor en medicina y cirug\u00eda por la Universidad Aut\u00f3noma de Barcelona y especialista en Neurolog\u00eda.","robots":{"index":"index","follow":"follow","max-snippet":"max-snippet:-1","max-image-preview":"max-image-preview:large","max-video-preview":"max-video-preview:-1"},"canonical":"https:\/\/cdincbarcelona.com\/es\/equipo-profesionales-cdinc\/jaime-kulisevsky\/","og_locale":"es_ES","og_type":"article","og_title":"Dr. Jaime Kulisevsky | Director | CDINC Barcelona","og_description":"Jaime Kulisevsky es director de CDINC. Es doctor en medicina y cirug\u00eda por la Universidad Aut\u00f3noma de Barcelona y especialista en Neurolog\u00eda.","og_url":"https:\/\/cdincbarcelona.com\/es\/equipo-profesionales-cdinc\/jaime-kulisevsky\/","og_site_name":"CDINC","article_modified_time":"2022-02-21T15:01:13+00:00","twitter_card":"summary_large_image","twitter_misc":{"Tiempo de lectura":"5 minutos"},"schema":{"@context":"https:\/\/schema.org","@graph":[{"@type":"WebPage","@id":"https:\/\/cdincbarcelona.com\/es\/equipo-profesionales-cdinc\/jaime-kulisevsky\/","url":"https:\/\/cdincbarcelona.com\/es\/equipo-profesionales-cdinc\/jaime-kulisevsky\/","name":"Dr. Jaime Kulisevsky | Director | CDINC Barcelona","isPartOf":{"@id":"https:\/\/cdincbarcelona.com\/#website"},"datePublished":"2019-02-01T08:58:16+00:00","dateModified":"2022-02-21T15:01:13+00:00","description":"Jaime Kulisevsky es director de CDINC. Es doctor en medicina y cirug\u00eda por la Universidad Aut\u00f3noma de Barcelona y especialista en Neurolog\u00eda.","breadcrumb":{"@id":"https:\/\/cdincbarcelona.com\/es\/equipo-profesionales-cdinc\/jaime-kulisevsky\/#breadcrumb"},"inLanguage":"es","potentialAction":[{"@type":"ReadAction","target":["https:\/\/cdincbarcelona.com\/es\/equipo-profesionales-cdinc\/jaime-kulisevsky\/"]}]},{"@type":"BreadcrumbList","@id":"https:\/\/cdincbarcelona.com\/es\/equipo-profesionales-cdinc\/jaime-kulisevsky\/#breadcrumb","itemListElement":[{"@type":"ListItem","position":1,"name":"Portada","item":"https:\/\/cdincbarcelona.com\/es\/"},{"@type":"ListItem","position":2,"name":"Equipo","item":"https:\/\/cdincbarcelona.com\/es\/equipo-profesionales-cdinc\/"},{"@type":"ListItem","position":3,"name":"Dr. Jaime Kulisevsky"}]},{"@type":"WebSite","@id":"https:\/\/cdincbarcelona.com\/#website","url":"https:\/\/cdincbarcelona.com\/","name":"CDINC","description":"Centre de diagn\u00f2stic i intervenci\u00f3 neurocognitiva Barcelona","publisher":{"@id":"https:\/\/cdincbarcelona.com\/#organization"},"potentialAction":[{"@type":"SearchAction","target":{"@type":"EntryPoint","urlTemplate":"https:\/\/cdincbarcelona.com\/?s={search_term_string}"},"query-input":{"@type":"PropertyValueSpecification","valueRequired":true,"valueName":"search_term_string"}}],"inLanguage":"es"},{"@type":"Organization","@id":"https:\/\/cdincbarcelona.com\/#organization","name":"CDINC Centre de Diagn\u00f2stic i Intervenci\u00f3 Neurocognitiva","url":"https:\/\/cdincbarcelona.com\/","logo":{"@type":"ImageObject","inLanguage":"es","@id":"https:\/\/cdincbarcelona.com\/#\/schema\/logo\/image\/","url":"https:\/\/cdincbarcelona.com\/wp-content\/uploads\/2017\/10\/cdinc-logo@2x.png","contentUrl":"https:\/\/cdincbarcelona.com\/wp-content\/uploads\/2017\/10\/cdinc-logo@2x.png","width":825,"height":200,"caption":"CDINC Centre de Diagn\u00f2stic i Intervenci\u00f3 Neurocognitiva"},"image":{"@id":"https:\/\/cdincbarcelona.com\/#\/schema\/logo\/image\/"}}]}},"_links":{"self":[{"href":"https:\/\/cdincbarcelona.com\/es\/wp-json\/wp\/v2\/pages\/8376","targetHints":{"allow":["GET"]}}],"collection":[{"href":"https:\/\/cdincbarcelona.com\/es\/wp-json\/wp\/v2\/pages"}],"about":[{"href":"https:\/\/cdincbarcelona.com\/es\/wp-json\/wp\/v2\/types\/page"}],"author":[{"embeddable":true,"href":"https:\/\/cdincbarcelona.com\/es\/wp-json\/wp\/v2\/users\/1"}],"replies":[{"embeddable":true,"href":"https:\/\/cdincbarcelona.com\/es\/wp-json\/wp\/v2\/comments?post=8376"}],"version-history":[{"count":10,"href":"https:\/\/cdincbarcelona.com\/es\/wp-json\/wp\/v2\/pages\/8376\/revisions"}],"predecessor-version":[{"id":10114,"href":"https:\/\/cdincbarcelona.com\/es\/wp-json\/wp\/v2\/pages\/8376\/revisions\/10114"}],"up":[{"embeddable":true,"href":"https:\/\/cdincbarcelona.com\/es\/wp-json\/wp\/v2\/pages\/6760"}],"wp:attachment":[{"href":"https:\/\/cdincbarcelona.com\/es\/wp-json\/wp\/v2\/media?parent=8376"}],"curies":[{"name":"wp","href":"https:\/\/api.w.org\/{rel}","templated":true}]}}