{"id":6754,"date":"2017-12-10T12:44:48","date_gmt":"2017-12-10T11:44:48","guid":{"rendered":"https:\/\/cdincbarcelona.com\/contacte\/"},"modified":"2019-02-25T16:38:30","modified_gmt":"2019-02-25T15:38:30","slug":"contacto","status":"publish","type":"page","link":"https:\/\/cdincbarcelona.com\/es\/contacto\/","title":{"rendered":"Contacto"},"content":{"rendered":"[vc_row type=\u00bbfull_width_background\u00bb full_screen_row_position=\u00bbmiddle\u00bb bg_image=\u00bb6698&#8243; bg_position=\u00bbleft top\u00bb bg_repeat=\u00bbno-repeat\u00bb bg_color=\u00bb#114b61&#8243; scene_position=\u00bbcenter\u00bb video_bg=\u00bbuse_video\u00bb text_color=\u00bblight\u00bb text_align=\u00bbleft\u00bb top_padding=\u00bb7%\u00bb bottom_padding=\u00bb3%\u00bb color_overlay=\u00bb#0a0a0a\u00bb overlay_strength=\u00bb0.5&#8243; shape_divider_position=\u00bbbottom\u00bb bg_image_animation=\u00bbnone\u00bb parallax_bg=\u00bbtrue\u00bb parallax_bg_speed=\u00bbfast\u00bb video_mute=\u00bbtrue\u00bb shape_type=\u00bb\u00bb][vc_column column_padding=\u00bbno-extra-padding\u00bb column_padding_position=\u00bball\u00bb background_color_opacity=\u00bb1&#8243; background_hover_color_opacity=\u00bb1&#8243; column_link_target=\u00bb_self\u00bb column_shadow=\u00bbnone\u00bb column_border_radius=\u00bbnone\u00bb width=\u00bb1\/1&#8243; tablet_width_inherit=\u00bbdefault\u00bb tablet_text_alignment=\u00bbdefault\u00bb phone_text_alignment=\u00bbdefault\u00bb column_border_width=\u00bbnone\u00bb column_border_style=\u00bbsolid\u00bb bg_image_animation=\u00bbnone\u00bb][vc_custom_heading text=\u00bbContacto\u00bb font_container=\u00bbtag:h1|text_align:left|color:%23ffffff\u00bb use_theme_fonts=\u00bbyes\u00bb css_animation=\u00bbnone\u00bb][vc_custom_heading text=\u00bbCDINC\u00bb font_container=\u00bbtag:h5|text_align:left|color:rgba(255%2C255%2C255%2C0.74)\u00bb use_theme_fonts=\u00bbyes\u00bb css_animation=\u00bbnone\u00bb][\/vc_column][\/vc_row][vc_row type=\u00bbfull_width_background\u00bb full_screen_row_position=\u00bbmiddle\u00bb bg_color=\u00bb#f4f4f4&#8243; scene_position=\u00bbcenter\u00bb text_color=\u00bbdark\u00bb text_align=\u00bbleft\u00bb top_padding=\u00bb4%\u00bb bottom_padding=\u00bb4%\u00bb overlay_strength=\u00bb0.3&#8243; shape_divider_position=\u00bbbottom\u00bb bg_image_animation=\u00bbnone\u00bb shape_type=\u00bb\u00bb][vc_column column_padding=\u00bbno-extra-padding\u00bb column_padding_position=\u00bball\u00bb background_color_opacity=\u00bb1&#8243; background_hover_color_opacity=\u00bb1&#8243; column_link_target=\u00bb_self\u00bb column_shadow=\u00bbnone\u00bb column_border_radius=\u00bbnone\u00bb width=\u00bb1\/6&#8243; tablet_width_inherit=\u00bbdefault\u00bb tablet_text_alignment=\u00bbdefault\u00bb phone_text_alignment=\u00bbdefault\u00bb column_border_width=\u00bbnone\u00bb column_border_style=\u00bbsolid\u00bb bg_image_animation=\u00bbnone\u00bb][\/vc_column][vc_column column_padding=\u00bbno-extra-padding\u00bb column_padding_position=\u00bball\u00bb background_color_opacity=\u00bb1&#8243; background_hover_color_opacity=\u00bb1&#8243; column_link_target=\u00bb_self\u00bb column_shadow=\u00bbnone\u00bb column_border_radius=\u00bbnone\u00bb width=\u00bb2\/3&#8243; tablet_width_inherit=\u00bbdefault\u00bb tablet_text_alignment=\u00bbdefault\u00bb phone_text_alignment=\u00bbdefault\u00bb column_border_width=\u00bbnone\u00bb column_border_style=\u00bbsolid\u00bb bg_image_animation=\u00bbnone\u00bb][vc_custom_heading text=\u00bbSi desea recibir m\u00e1s informaci\u00f3n, quiere hacer una consulta o pedir hora con nosotros no dude en llamarnos al tel\u00e9fono\u00bb font_container=\u00bbtag:h3|font_size:25|text_align:center|line_height:35px\u00bb use_theme_fonts=\u00bbyes\u00bb][vc_custom_heading text=\u00bb93 858 61 07&#8243; font_container=\u00bbtag:h3|font_size:25|text_align:center|color:%231ba9b7|line_height:35px\u00bb use_theme_fonts=\u00bbyes\u00bb link=\u00bburl:tel%3A0034938586107||target:%20_blank|rel:nofollow\u00bb][\/vc_column][vc_column column_padding=\u00bbno-extra-padding\u00bb column_padding_position=\u00bball\u00bb background_color_opacity=\u00bb1&#8243; background_hover_color_opacity=\u00bb1&#8243; column_link_target=\u00bb_self\u00bb column_shadow=\u00bbnone\u00bb column_border_radius=\u00bbnone\u00bb width=\u00bb1\/6&#8243; tablet_width_inherit=\u00bbdefault\u00bb tablet_text_alignment=\u00bbdefault\u00bb phone_text_alignment=\u00bbdefault\u00bb column_border_width=\u00bbnone\u00bb column_border_style=\u00bbsolid\u00bb bg_image_animation=\u00bbnone\u00bb][\/vc_column][\/vc_row][vc_row type=\u00bbfull_width_background\u00bb full_screen_row_position=\u00bbmiddle\u00bb scene_position=\u00bbcenter\u00bb text_color=\u00bbdark\u00bb text_align=\u00bbleft\u00bb top_padding=\u00bb4%\u00bb bottom_padding=\u00bb4%\u00bb overlay_strength=\u00bb0.3&#8243; shape_divider_position=\u00bbbottom\u00bb bg_image_animation=\u00bbnone\u00bb shape_type=\u00bb\u00bb][vc_column column_padding=\u00bbno-extra-padding\u00bb column_padding_position=\u00bball\u00bb background_color_opacity=\u00bb1&#8243; background_hover_color_opacity=\u00bb1&#8243; column_link_target=\u00bb_self\u00bb column_shadow=\u00bbnone\u00bb column_border_radius=\u00bbnone\u00bb width=\u00bb1\/2&#8243; tablet_width_inherit=\u00bbdefault\u00bb tablet_text_alignment=\u00bbdefault\u00bb phone_text_alignment=\u00bbdefault\u00bb column_border_width=\u00bbnone\u00bb column_border_style=\u00bbsolid\u00bb bg_image_animation=\u00bbnone\u00bb][vc_column_text]<strong>CDINC<\/strong><br \/>\nCentro de Diagn\u00f3stico e Intervenci\u00f3n Neurocognitiva \u2013<br \/>\nNeurolog\u00eda Instituto Universitario<\/p>\n<p><a href=\"https:\/\/goo.gl\/maps\/se57vGwPnPN2\" target=\"_blank\" rel=\"noopener noreferrer\">c\/ Calvet 8-12, 1\u00ba 2\u00aa<\/a><br \/>\n08021 Barcelona<br \/>\n<i class=\"icon-tiny fa fa-volume-control-phone extra-color-1\"><\/i> <a id=\"tel-custom-body\" href=\"tel:0034938586107\" target=\"_blank\" rel=\"noopener noreferrer\">93 858 61 07<br \/>\n<\/a><i class=\"icon-tiny fa fa-envelope-o extra-color-1\"><\/i> <a id=\"mail-custom-body\" href=\"mailto:info@cdincbarcelona.com\" target=\"_blank\" rel=\"noopener noreferrer\">info@cdincbarcelona.com<\/a>[\/vc_column_text][divider line_type=\u00bbNo Line\u00bb][nectar_gmap map_type=\u00bbgoogle\u00bb zoom=\u00bb15&#8243; enable_zoom=\u00bb1&#8243; marker_style=\u00bbdefault\u00bb nectar_marker_color=\u00bbaccent-color\u00bb marker_image=\u00bb6949&#8243; marker_animation=\u00bb1&#8243; map_greyscale=\u00bb1&#8243; size=\u00bb370&#8243; map_center_lat=\u00bb41.3936136&#8243; map_center_lng=\u00bb2.1445969&#8243; map_markers=\u00bb41.393677|2.144951|CDINC\u00bb][divider line_type=\u00bbNo Line\u00bb][\/vc_column][vc_column column_padding=\u00bbno-extra-padding\u00bb column_padding_position=\u00bball\u00bb background_color_opacity=\u00bb1&#8243; background_hover_color_opacity=\u00bb1&#8243; column_link_target=\u00bb_self\u00bb column_shadow=\u00bbnone\u00bb column_border_radius=\u00bbnone\u00bb width=\u00bb1\/2&#8243; tablet_width_inherit=\u00bbdefault\u00bb tablet_text_alignment=\u00bbdefault\u00bb phone_text_alignment=\u00bbdefault\u00bb column_border_width=\u00bbnone\u00bb column_border_style=\u00bbsolid\u00bb bg_image_animation=\u00bbnone\u00bb][vc_custom_heading text=\u00bbSi lo prefiere, tambi\u00e9n puede rellenar el formulario comentando su caso y nosotros nos pondremos en contacto.\u00bb font_container=\u00bbtag:h3|font_size:25|text_align:left|line_height:35px\u00bb use_theme_fonts=\u00bbyes\u00bb]\n<div class=\"wpcf7 no-js\" id=\"wpcf7-f6906-o1\" lang=\"ca\" dir=\"ltr\" data-wpcf7-id=\"6906\">\n<div class=\"screen-reader-response\"><p role=\"status\" aria-live=\"polite\" aria-atomic=\"true\"><\/p> <ul><\/ul><\/div>\n<form action=\"\/es\/wp-json\/wp\/v2\/pages\/6754#wpcf7-f6906-o1\" method=\"post\" class=\"wpcf7-form init\" aria-label=\"Formulari de contacte\" novalidate=\"novalidate\" data-status=\"init\">\n<fieldset class=\"hidden-fields-container\"><input type=\"hidden\" name=\"_wpcf7\" value=\"6906\" \/><input type=\"hidden\" name=\"_wpcf7_version\" value=\"6.1.5\" \/><input type=\"hidden\" name=\"_wpcf7_locale\" value=\"ca\" \/><input type=\"hidden\" name=\"_wpcf7_unit_tag\" value=\"wpcf7-f6906-o1\" \/><input type=\"hidden\" name=\"_wpcf7_container_post\" value=\"0\" \/><input type=\"hidden\" name=\"_wpcf7_posted_data_hash\" value=\"\" \/>\n<\/fieldset>\n<p><label> Nombre<br \/>\n<span class=\"wpcf7-form-control-wrap\" data-name=\"your-name\"><input size=\"40\" maxlength=\"400\" class=\"wpcf7-form-control wpcf7-text wpcf7-validates-as-required\" aria-required=\"true\" aria-invalid=\"false\" value=\"\" type=\"text\" name=\"your-name\" \/><\/span> <\/label>\n<\/p>\n<p><label> Email<br \/>\n<span class=\"wpcf7-form-control-wrap\" data-name=\"your-email\"><input size=\"40\" maxlength=\"400\" class=\"wpcf7-form-control wpcf7-email wpcf7-validates-as-required wpcf7-text wpcf7-validates-as-email\" aria-required=\"true\" aria-invalid=\"false\" value=\"\" type=\"email\" name=\"your-email\" \/><\/span> <\/label>\n<\/p>\n<p><label> Tel\u00e9fono<br \/>\n<span class=\"wpcf7-form-control-wrap\" data-name=\"your-telefon\"><input size=\"40\" maxlength=\"400\" class=\"wpcf7-form-control wpcf7-tel wpcf7-validates-as-required wpcf7-text wpcf7-validates-as-tel\" aria-required=\"true\" aria-invalid=\"false\" value=\"\" type=\"tel\" name=\"your-telefon\" \/><\/span> <\/label>\n<\/p>\n<p><label> Asunto<br \/>\n<span class=\"wpcf7-form-control-wrap\" data-name=\"your-subject\"><input size=\"40\" maxlength=\"400\" class=\"wpcf7-form-control wpcf7-text wpcf7-validates-as-required\" aria-required=\"true\" aria-invalid=\"false\" value=\"\" type=\"text\" name=\"your-subject\" \/><\/span> <\/label>\n<\/p>\n<p><label> Mensaje<br \/>\n<span class=\"wpcf7-form-control-wrap\" data-name=\"your-message\"><textarea cols=\"40\" rows=\"10\" maxlength=\"2000\" class=\"wpcf7-form-control wpcf7-textarea wpcf7-validates-as-required\" aria-required=\"true\" aria-invalid=\"false\" name=\"your-message\"><\/textarea><\/span> <\/label>\n<\/p>\n<p><label><span class=\"wpcf7-form-control-wrap\" data-name=\"acceptance-terminos\"><span class=\"wpcf7-form-control wpcf7-acceptance\"><span class=\"wpcf7-list-item\"><input type=\"checkbox\" name=\"acceptance-terminos\" value=\"1\" aria-invalid=\"false\" \/><\/span><\/span><\/span> He le\u00eddo y acepto los <a href=\"https:\/\/cdincbarcelona.com\/es\/terminos-y-condiciones\/\" target=\"_blank\" rel=\"noopener\">t\u00e9rminos y condiciones<\/a> <\/label>\n<\/p>\n<p><input class=\"wpcf7-form-control wpcf7-submit has-spinner\" type=\"submit\" value=\"Enviar\" \/>\n<\/p><div class=\"wpcf7-response-output\" aria-hidden=\"true\"><\/div>\n<\/form>\n<\/div>\n[\/vc_column][\/vc_row]\n","protected":false},"excerpt":{"rendered":"<p>[vc_row type=\u00bbfull_width_background\u00bb full_screen_row_position=\u00bbmiddle\u00bb bg_image=\u00bb6698&#8243; bg_position=\u00bbleft top\u00bb bg_repeat=\u00bbno-repeat\u00bb bg_color=\u00bb#114b61&#8243; scene_position=\u00bbcenter\u00bb video_bg=\u00bbuse_video\u00bb text_color=\u00bblight\u00bb text_align=\u00bbleft\u00bb top_padding=\u00bb7%\u00bb bottom_padding=\u00bb3%\u00bb color_overlay=\u00bb#0a0a0a\u00bb overlay_strength=\u00bb0.5&#8243; shape_divider_position=\u00bbbottom\u00bb bg_image_animation=\u00bbnone\u00bb parallax_bg=\u00bbtrue\u00bb parallax_bg_speed=\u00bbfast\u00bb video_mute=\u00bbtrue\u00bb shape_type=\u00bb\u00bb][vc_column column_padding=\u00bbno-extra-padding\u00bb column_padding_position=\u00bball\u00bb background_color_opacity=\u00bb1&#8243;&#8230;<\/p>\n","protected":false},"author":2,"featured_media":0,"parent":0,"menu_order":0,"comment_status":"closed","ping_status":"closed","template":"","meta":{"footnotes":""},"class_list":["post-6754","page","type-page","status-publish"],"yoast_head":"<!-- This site is optimized with the Yoast SEO plugin v27.3 - https:\/\/yoast.com\/product\/yoast-seo-wordpress\/ -->\n<title>Contacto CDINC Neurolog\u00eda Instituto Universitario Barcelona<\/title>\n<meta name=\"description\" content=\"Contacto CDINC - Neurolog\u00eda Instituto Universitario - Centro de Diagn\u00f3stico e Intervenci\u00f3n Neurocognitiva. Direcci\u00f3n: c\/ Calvet 8-12, 1\u00ba 2\u00aa, Barcelona.\" \/>\n<meta name=\"robots\" content=\"index, follow, max-snippet:-1, max-image-preview:large, max-video-preview:-1\" \/>\n<link rel=\"canonical\" href=\"https:\/\/cdincbarcelona.com\/es\/contacto\/\" \/>\n<meta property=\"og:locale\" content=\"es_ES\" \/>\n<meta property=\"og:type\" content=\"article\" \/>\n<meta property=\"og:title\" content=\"Contacto CDINC Neurolog\u00eda Instituto Universitario Barcelona\" \/>\n<meta property=\"og:description\" content=\"Contacto CDINC - Neurolog\u00eda Instituto Universitario - Centro de Diagn\u00f3stico e Intervenci\u00f3n Neurocognitiva. Direcci\u00f3n: c\/ Calvet 8-12, 1\u00ba 2\u00aa, Barcelona.\" \/>\n<meta property=\"og:url\" content=\"https:\/\/cdincbarcelona.com\/es\/contacto\/\" \/>\n<meta property=\"og:site_name\" content=\"CDINC\" \/>\n<meta property=\"article:modified_time\" content=\"2019-02-25T15:38:30+00:00\" \/>\n<meta name=\"twitter:card\" content=\"summary_large_image\" \/>\n<meta name=\"twitter:label1\" content=\"Tiempo de lectura\" \/>\n\t<meta name=\"twitter:data1\" content=\"4 minutos\" \/>\n<script type=\"application\/ld+json\" class=\"yoast-schema-graph\">{\"@context\":\"https:\\\/\\\/schema.org\",\"@graph\":[{\"@type\":\"WebPage\",\"@id\":\"https:\\\/\\\/cdincbarcelona.com\\\/es\\\/contacto\\\/\",\"url\":\"https:\\\/\\\/cdincbarcelona.com\\\/es\\\/contacto\\\/\",\"name\":\"Contacto CDINC Neurolog\u00eda Instituto Universitario Barcelona\",\"isPartOf\":{\"@id\":\"https:\\\/\\\/cdincbarcelona.com\\\/#website\"},\"datePublished\":\"2017-12-10T11:44:48+00:00\",\"dateModified\":\"2019-02-25T15:38:30+00:00\",\"description\":\"Contacto CDINC - Neurolog\u00eda Instituto Universitario - Centro de Diagn\u00f3stico e Intervenci\u00f3n Neurocognitiva. Direcci\u00f3n: c\\\/ Calvet 8-12, 1\u00ba 2\u00aa, Barcelona.\",\"breadcrumb\":{\"@id\":\"https:\\\/\\\/cdincbarcelona.com\\\/es\\\/contacto\\\/#breadcrumb\"},\"inLanguage\":\"es\",\"potentialAction\":[{\"@type\":\"ReadAction\",\"target\":[\"https:\\\/\\\/cdincbarcelona.com\\\/es\\\/contacto\\\/\"]}]},{\"@type\":\"BreadcrumbList\",\"@id\":\"https:\\\/\\\/cdincbarcelona.com\\\/es\\\/contacto\\\/#breadcrumb\",\"itemListElement\":[{\"@type\":\"ListItem\",\"position\":1,\"name\":\"Portada\",\"item\":\"https:\\\/\\\/cdincbarcelona.com\\\/es\\\/\"},{\"@type\":\"ListItem\",\"position\":2,\"name\":\"Contacto\"}]},{\"@type\":\"WebSite\",\"@id\":\"https:\\\/\\\/cdincbarcelona.com\\\/#website\",\"url\":\"https:\\\/\\\/cdincbarcelona.com\\\/\",\"name\":\"CDINC\",\"description\":\"Centre de diagn\u00f2stic i intervenci\u00f3 neurocognitiva Barcelona\",\"publisher\":{\"@id\":\"https:\\\/\\\/cdincbarcelona.com\\\/#organization\"},\"potentialAction\":[{\"@type\":\"SearchAction\",\"target\":{\"@type\":\"EntryPoint\",\"urlTemplate\":\"https:\\\/\\\/cdincbarcelona.com\\\/?s={search_term_string}\"},\"query-input\":{\"@type\":\"PropertyValueSpecification\",\"valueRequired\":true,\"valueName\":\"search_term_string\"}}],\"inLanguage\":\"es\"},{\"@type\":\"Organization\",\"@id\":\"https:\\\/\\\/cdincbarcelona.com\\\/#organization\",\"name\":\"CDINC Centre de Diagn\u00f2stic i Intervenci\u00f3 Neurocognitiva\",\"url\":\"https:\\\/\\\/cdincbarcelona.com\\\/\",\"logo\":{\"@type\":\"ImageObject\",\"inLanguage\":\"es\",\"@id\":\"https:\\\/\\\/cdincbarcelona.com\\\/#\\\/schema\\\/logo\\\/image\\\/\",\"url\":\"https:\\\/\\\/cdincbarcelona.com\\\/wp-content\\\/uploads\\\/2017\\\/10\\\/cdinc-logo@2x.png\",\"contentUrl\":\"https:\\\/\\\/cdincbarcelona.com\\\/wp-content\\\/uploads\\\/2017\\\/10\\\/cdinc-logo@2x.png\",\"width\":825,\"height\":200,\"caption\":\"CDINC Centre de Diagn\u00f2stic i Intervenci\u00f3 Neurocognitiva\"},\"image\":{\"@id\":\"https:\\\/\\\/cdincbarcelona.com\\\/#\\\/schema\\\/logo\\\/image\\\/\"}}]}<\/script>\n<!-- \/ Yoast SEO plugin. -->","yoast_head_json":{"title":"Contacto CDINC Neurolog\u00eda Instituto Universitario Barcelona","description":"Contacto CDINC - Neurolog\u00eda Instituto Universitario - Centro de Diagn\u00f3stico e Intervenci\u00f3n Neurocognitiva. Direcci\u00f3n: c\/ Calvet 8-12, 1\u00ba 2\u00aa, Barcelona.","robots":{"index":"index","follow":"follow","max-snippet":"max-snippet:-1","max-image-preview":"max-image-preview:large","max-video-preview":"max-video-preview:-1"},"canonical":"https:\/\/cdincbarcelona.com\/es\/contacto\/","og_locale":"es_ES","og_type":"article","og_title":"Contacto CDINC Neurolog\u00eda Instituto Universitario Barcelona","og_description":"Contacto CDINC - Neurolog\u00eda Instituto Universitario - Centro de Diagn\u00f3stico e Intervenci\u00f3n Neurocognitiva. Direcci\u00f3n: c\/ Calvet 8-12, 1\u00ba 2\u00aa, Barcelona.","og_url":"https:\/\/cdincbarcelona.com\/es\/contacto\/","og_site_name":"CDINC","article_modified_time":"2019-02-25T15:38:30+00:00","twitter_card":"summary_large_image","twitter_misc":{"Tiempo de lectura":"4 minutos"},"schema":{"@context":"https:\/\/schema.org","@graph":[{"@type":"WebPage","@id":"https:\/\/cdincbarcelona.com\/es\/contacto\/","url":"https:\/\/cdincbarcelona.com\/es\/contacto\/","name":"Contacto CDINC Neurolog\u00eda Instituto Universitario Barcelona","isPartOf":{"@id":"https:\/\/cdincbarcelona.com\/#website"},"datePublished":"2017-12-10T11:44:48+00:00","dateModified":"2019-02-25T15:38:30+00:00","description":"Contacto CDINC - Neurolog\u00eda Instituto Universitario - Centro de Diagn\u00f3stico e Intervenci\u00f3n Neurocognitiva. Direcci\u00f3n: c\/ Calvet 8-12, 1\u00ba 2\u00aa, Barcelona.","breadcrumb":{"@id":"https:\/\/cdincbarcelona.com\/es\/contacto\/#breadcrumb"},"inLanguage":"es","potentialAction":[{"@type":"ReadAction","target":["https:\/\/cdincbarcelona.com\/es\/contacto\/"]}]},{"@type":"BreadcrumbList","@id":"https:\/\/cdincbarcelona.com\/es\/contacto\/#breadcrumb","itemListElement":[{"@type":"ListItem","position":1,"name":"Portada","item":"https:\/\/cdincbarcelona.com\/es\/"},{"@type":"ListItem","position":2,"name":"Contacto"}]},{"@type":"WebSite","@id":"https:\/\/cdincbarcelona.com\/#website","url":"https:\/\/cdincbarcelona.com\/","name":"CDINC","description":"Centre de diagn\u00f2stic i intervenci\u00f3 neurocognitiva Barcelona","publisher":{"@id":"https:\/\/cdincbarcelona.com\/#organization"},"potentialAction":[{"@type":"SearchAction","target":{"@type":"EntryPoint","urlTemplate":"https:\/\/cdincbarcelona.com\/?s={search_term_string}"},"query-input":{"@type":"PropertyValueSpecification","valueRequired":true,"valueName":"search_term_string"}}],"inLanguage":"es"},{"@type":"Organization","@id":"https:\/\/cdincbarcelona.com\/#organization","name":"CDINC Centre de Diagn\u00f2stic i Intervenci\u00f3 Neurocognitiva","url":"https:\/\/cdincbarcelona.com\/","logo":{"@type":"ImageObject","inLanguage":"es","@id":"https:\/\/cdincbarcelona.com\/#\/schema\/logo\/image\/","url":"https:\/\/cdincbarcelona.com\/wp-content\/uploads\/2017\/10\/cdinc-logo@2x.png","contentUrl":"https:\/\/cdincbarcelona.com\/wp-content\/uploads\/2017\/10\/cdinc-logo@2x.png","width":825,"height":200,"caption":"CDINC Centre de Diagn\u00f2stic i Intervenci\u00f3 Neurocognitiva"},"image":{"@id":"https:\/\/cdincbarcelona.com\/#\/schema\/logo\/image\/"}}]}},"_links":{"self":[{"href":"https:\/\/cdincbarcelona.com\/es\/wp-json\/wp\/v2\/pages\/6754","targetHints":{"allow":["GET"]}}],"collection":[{"href":"https:\/\/cdincbarcelona.com\/es\/wp-json\/wp\/v2\/pages"}],"about":[{"href":"https:\/\/cdincbarcelona.com\/es\/wp-json\/wp\/v2\/types\/page"}],"author":[{"embeddable":true,"href":"https:\/\/cdincbarcelona.com\/es\/wp-json\/wp\/v2\/users\/2"}],"replies":[{"embeddable":true,"href":"https:\/\/cdincbarcelona.com\/es\/wp-json\/wp\/v2\/comments?post=6754"}],"version-history":[{"count":6,"href":"https:\/\/cdincbarcelona.com\/es\/wp-json\/wp\/v2\/pages\/6754\/revisions"}],"predecessor-version":[{"id":8748,"href":"https:\/\/cdincbarcelona.com\/es\/wp-json\/wp\/v2\/pages\/6754\/revisions\/8748"}],"wp:attachment":[{"href":"https:\/\/cdincbarcelona.com\/es\/wp-json\/wp\/v2\/media?parent=6754"}],"curies":[{"name":"wp","href":"https:\/\/api.w.org\/{rel}","templated":true}]}}